{"id":405,"date":"2023-11-19T11:01:42","date_gmt":"2023-11-19T10:01:42","guid":{"rendered":"https:\/\/feier-work.de\/?page_id=405"},"modified":"2025-03-19T21:17:19","modified_gmt":"2025-03-19T20:17:19","slug":"eismaschine","status":"publish","type":"page","link":"https:\/\/feier-work.de\/?page_id=405","title":{"rendered":"Eismaschine\u200b"},"content":{"rendered":"\t\t<div data-elementor-type=\"wp-page\" data-elementor-id=\"405\" class=\"elementor elementor-405\">\n\t\t\t\t\t\t\t\t\t<section class=\"elementor-section elementor-top-section elementor-element elementor-element-5a1a3eb elementor-section-boxed elementor-section-height-default elementor-section-height-default\" data-id=\"5a1a3eb\" data-element_type=\"section\">\n\t\t\t\t\t\t\t<div class=\"elementor-background-overlay\"><\/div>\n\t\t\t\t\t\t\t<div class=\"elementor-container elementor-column-gap-default\">\n\t\t\t\t\t<div class=\"elementor-column elementor-col-100 elementor-top-column elementor-element elementor-element-1f9c466\" data-id=\"1f9c466\" data-element_type=\"column\">\n\t\t\t<div class=\"elementor-widget-wrap elementor-element-populated\">\n\t\t\t\t\t\t\t\t<div class=\"elementor-element elementor-element-a7b8bbe elementor-widget elementor-widget-heading\" data-id=\"a7b8bbe\" data-element_type=\"widget\" data-widget_type=\"heading.default\">\n\t\t\t\t<div class=\"elementor-widget-container\">\n\t\t\t<style>\/*! elementor - v3.17.0 - 08-11-2023 *\/\n.elementor-heading-title{padding:0;margin:0;line-height:1}.elementor-widget-heading .elementor-heading-title[class*=elementor-size-]>a{color:inherit;font-size:inherit;line-height:inherit}.elementor-widget-heading .elementor-heading-title.elementor-size-small{font-size:15px}.elementor-widget-heading .elementor-heading-title.elementor-size-medium{font-size:19px}.elementor-widget-heading .elementor-heading-title.elementor-size-large{font-size:29px}.elementor-widget-heading .elementor-heading-title.elementor-size-xl{font-size:39px}.elementor-widget-heading .elementor-heading-title.elementor-size-xxl{font-size:59px}<\/style><h2 class=\"elementor-heading-title elementor-size-default\">Eismaschine<\/h2>\t\t<\/div>\n\t\t\t\t<\/div>\n\t\t\t\t\t<\/div>\n\t\t<\/div>\n\t\t\t\t\t\t\t<\/div>\n\t\t<\/section>\n\t\t\t\t<section class=\"elementor-section elementor-top-section elementor-element elementor-element-9e49cc1 elementor-section-boxed elementor-section-height-default elementor-section-height-default\" data-id=\"9e49cc1\" data-element_type=\"section\">\n\t\t\t\t\t\t<div class=\"elementor-container elementor-column-gap-default\">\n\t\t\t\t\t<div class=\"elementor-column elementor-col-33 elementor-top-column elementor-element elementor-element-0cb171c\" data-id=\"0cb171c\" data-element_type=\"column\">\n\t\t\t<div class=\"elementor-widget-wrap elementor-element-populated\">\n\t\t\t\t\t\t\t\t<div class=\"elementor-element elementor-element-54bbb90 elementor-widget elementor-widget-image\" data-id=\"54bbb90\" data-element_type=\"widget\" data-widget_type=\"image.default\">\n\t\t\t\t<div class=\"elementor-widget-container\">\n\t\t\t<style>\/*! elementor - v3.17.0 - 08-11-2023 *\/\n.elementor-widget-image{text-align:center}.elementor-widget-image a{display:inline-block}.elementor-widget-image a img[src$=\".svg\"]{width:48px}.elementor-widget-image img{vertical-align:middle;display:inline-block}<\/style>\t\t\t\t\t\t\t\t\t\t\t\t<img loading=\"lazy\" decoding=\"async\" width=\"768\" height=\"1024\" src=\"https:\/\/feier-work.de\/wp-content\/uploads\/2023\/11\/Eismaschine-768x1024.jpg\" class=\"attachment-large size-large wp-image-243\" alt=\"\" srcset=\"https:\/\/feier-work.de\/wp-content\/uploads\/2023\/11\/Eismaschine-768x1024.jpg 768w, https:\/\/feier-work.de\/wp-content\/uploads\/2023\/11\/Eismaschine-225x300.jpg 225w, https:\/\/feier-work.de\/wp-content\/uploads\/2023\/11\/Eismaschine.jpg 960w\" sizes=\"auto, (max-width: 768px) 100vw, 768px\" \/>\t\t\t\t\t\t\t\t\t\t\t\t\t\t\t<\/div>\n\t\t\t\t<\/div>\n\t\t\t\t\t<\/div>\n\t\t<\/div>\n\t\t\t\t<div class=\"elementor-column elementor-col-66 elementor-top-column elementor-element elementor-element-2ad64ed\" data-id=\"2ad64ed\" data-element_type=\"column\">\n\t\t\t<div class=\"elementor-widget-wrap elementor-element-populated\">\n\t\t\t\t\t\t\t\t<div class=\"elementor-element elementor-element-5e8956b elementor-widget elementor-widget-text-editor\" data-id=\"5e8956b\" data-element_type=\"widget\" data-widget_type=\"text-editor.default\">\n\t\t\t\t<div class=\"elementor-widget-container\">\n\t\t\t<style>\/*! elementor - v3.17.0 - 08-11-2023 *\/\n.elementor-widget-text-editor.elementor-drop-cap-view-stacked .elementor-drop-cap{background-color:#69727d;color:#fff}.elementor-widget-text-editor.elementor-drop-cap-view-framed .elementor-drop-cap{color:#69727d;border:3px solid;background-color:transparent}.elementor-widget-text-editor:not(.elementor-drop-cap-view-default) .elementor-drop-cap{margin-top:8px}.elementor-widget-text-editor:not(.elementor-drop-cap-view-default) .elementor-drop-cap-letter{width:1em;height:1em}.elementor-widget-text-editor .elementor-drop-cap{float:left;text-align:center;line-height:1;font-size:50px}.elementor-widget-text-editor .elementor-drop-cap-letter{display:inline-block}<\/style>\t\t\t\t<p>Tagesmiete: 115\u20ac<br \/>je weiterer Tag: 40\u20ac<\/p><p>Montag bis Donnerstag: 165 \u20ac<br \/>Freitag bis Montag Vormittag: 175 \u20ac<\/p><p>1 Woche: 240\u20ac<\/p><p>Lieferung und Abholung innerhalb Halle, je: 40\u20ac<\/p><p>\u00a0<\/p>\t\t\t\t\t\t<\/div>\n\t\t\t\t<\/div>\n\t\t\t\t\t<\/div>\n\t\t<\/div>\n\t\t\t\t\t\t\t<\/div>\n\t\t<\/section>\n\t\t\t\t<section class=\"elementor-section elementor-top-section elementor-element elementor-element-e512dff elementor-section-boxed elementor-section-height-default elementor-section-height-default\" data-id=\"e512dff\" data-element_type=\"section\">\n\t\t\t\t\t\t<div class=\"elementor-container elementor-column-gap-default\">\n\t\t\t\t\t<div class=\"elementor-column elementor-col-100 elementor-top-column elementor-element elementor-element-e73c187\" data-id=\"e73c187\" data-element_type=\"column\">\n\t\t\t<div class=\"elementor-widget-wrap elementor-element-populated\">\n\t\t\t\t\t\t\t\t<div class=\"elementor-element elementor-element-a7169e1 elementor-widget elementor-widget-heading\" data-id=\"a7169e1\" data-element_type=\"widget\" data-widget_type=\"heading.default\">\n\t\t\t\t<div class=\"elementor-widget-container\">\n\t\t\t<h2 class=\"elementor-heading-title elementor-size-default\"><p style=\"margin-bottom: 0px; font-style: normal; font-variant-numeric: normal; font-variant-east-asian: normal; font-variant-alternates: normal; font-size-adjust: none; font-kerning: auto; font-optical-sizing: auto; font-feature-settings: normal; font-variation-settings: normal; font-variant-position: normal; font-variant-emoji: normal; font-stretch: normal; font-size: 13px; line-height: normal; font-family: &quot;Helvetica Neue&quot;; color: rgb(0, 0, 0); white-space-collapse: collapse;\"><b>Softeismaschine mieten in Halle \u2013 Perfekt f\u00fcr jede Veranstaltung!<\/b><\/p><p style=\"margin-bottom: 0px; font-style: normal; font-variant-numeric: normal; font-variant-east-asian: normal; font-variant-alternates: normal; font-size-adjust: none; font-kerning: auto; font-optical-sizing: auto; font-feature-settings: normal; font-variation-settings: normal; font-variant-position: normal; font-variant-emoji: normal; font-stretch: normal; font-size: 13px; line-height: normal; font-family: &quot;Helvetica Neue&quot;; min-height: 15px; color: rgb(0, 0, 0); white-space-collapse: collapse;\"><b><br><\/b><\/p><p style=\"margin-bottom: 0px; font-style: normal; font-variant-numeric: normal; font-variant-east-asian: normal; font-variant-alternates: normal; font-size-adjust: none; font-kerning: auto; font-optical-sizing: auto; font-feature-settings: normal; font-variation-settings: normal; font-variant-position: normal; font-variant-emoji: normal; font-stretch: normal; font-size: 13px; line-height: normal; font-family: &quot;Helvetica Neue&quot;; color: rgb(0, 0, 0); white-space-collapse: collapse;\"><b>Entdecken Sie die s\u00fc\u00dfe Verf\u00fchrung mit unserer hochwertigen Softeismaschine zur Vermietung in Halle! Ideal f\u00fcr Geburtstagsfeiern, Hochzeiten, Firmenfeiern oder Sommerfeste. Unsere benutzerfreundliche Maschine produziert cremiges Softeis in verschiedenen Geschmacksrichtungen und sorgt f\u00fcr ein unvergessliches Geschmackserlebnis. Genie\u00dfen Sie die Freiheit, Ihre eigenen Toppings auszuw\u00e4hlen und Ihre G\u00e4ste zu begeistern.<\/b><\/p><p style=\"margin-bottom: 0px; font-style: normal; font-variant-numeric: normal; font-variant-east-asian: normal; font-variant-alternates: normal; font-size-adjust: none; font-kerning: auto; font-optical-sizing: auto; font-feature-settings: normal; font-variation-settings: normal; font-variant-position: normal; font-variant-emoji: normal; font-stretch: normal; font-size: 13px; line-height: normal; font-family: &quot;Helvetica Neue&quot;; min-height: 15px; color: rgb(0, 0, 0); white-space-collapse: collapse;\"><b><br><\/b><\/p><p style=\"margin-bottom: 0px; font-style: normal; font-variant-numeric: normal; font-variant-east-asian: normal; font-variant-alternates: normal; font-size-adjust: none; font-kerning: auto; font-optical-sizing: auto; font-feature-settings: normal; font-variation-settings: normal; font-variant-position: normal; font-variant-emoji: normal; font-stretch: normal; font-size: 13px; line-height: normal; font-family: &quot;Helvetica Neue&quot;; color: rgb(0, 0, 0); white-space-collapse: collapse;\"><b>Keywords: Softeismaschine mieten Halle, Softeis Vermietung Halle, Softeismaschine f\u00fcr Veranstaltungen, Eiscreme Maschine mieten, Party Zubeh\u00f6r Halle,<\/b><span style=\"font-weight: 400; text-align: start;\">&nbsp;<\/span><b><span style=\"text-align: start;\">Softeis&nbsp;f\u00fcr&nbsp;Events,&nbsp;<\/span><span style=\"text-align: start;\">Eiscreme&nbsp;Vermietung&nbsp;Halle,&nbsp;<\/span><span style=\"text-align: start;\">Softeismaschine&nbsp;kaufen,&nbsp;<\/span><span style=\"text-align: start;\">Softeis&nbsp;Catering&nbsp;Halle,&nbsp;<\/span><span style=\"text-align: start;\">Eiswagen&nbsp;mieten&nbsp;Halle,&nbsp;<\/span><span style=\"text-align: start;\">Frozen&nbsp;Yogurt&nbsp;Maschine&nbsp;mieten,&nbsp;<\/span><\/b><\/p><p style=\"margin-bottom: 0px; font-style: normal; font-variant-numeric: normal; font-variant-east-asian: normal; font-variant-alternates: normal; font-size-adjust: none; font-kerning: auto; font-optical-sizing: auto; font-feature-settings: normal; font-variation-settings: normal; font-variant-position: normal; font-variant-emoji: normal; font-stretch: normal; font-size: 13px; line-height: normal; font-family: &quot;Helvetica Neue&quot;; color: rgb(0, 0, 0); white-space-collapse: collapse;\"><b><span style=\"text-align: start;\">Eiscreme&nbsp;f\u00fcr&nbsp;Partys,&nbsp;<\/span><\/b><b><span style=\"text-align: start;\">Softeis&nbsp;f\u00fcr&nbsp;Hochzeiten,&nbsp;<\/span><span style=\"text-align: start;\">mobile&nbsp;Softeismaschine,<\/span><span style=\"text-align: start;\">&nbsp;DIY&nbsp;Softeis&nbsp;Station,&nbsp;<\/span><span style=\"text-align: start;\">Toppings&nbsp;f\u00fcr&nbsp;Softeis,&nbsp;<\/span><span style=\"text-align: start;\">Sommerfest&nbsp;Eiscreme,&nbsp;<\/span><span style=\"text-align: start;\">Kindergeburtstag&nbsp;Softeis,&nbsp;<\/span><\/b><\/p><p style=\"margin-bottom: 0px; font-style: normal; font-variant-numeric: normal; font-variant-east-asian: normal; font-variant-alternates: normal; font-size-adjust: none; font-kerning: auto; font-optical-sizing: auto; font-feature-settings: normal; font-variation-settings: normal; font-variant-position: normal; font-variant-emoji: normal; font-stretch: normal; font-size: 13px; line-height: normal; font-family: &quot;Helvetica Neue&quot;; color: rgb(0, 0, 0); white-space-collapse: collapse;\"><b><span style=\"text-align: start;\">Eventausstattung&nbsp;Halle,&nbsp;<\/span><span style=\"text-align: start;\">Softeis&nbsp;f\u00fcr&nbsp;Firmenfeiern<\/span><\/b><\/p><br><\/h2>\t\t<\/div>\n\t\t\t\t<\/div>\n\t\t\t\t\t<\/div>\n\t\t<\/div>\n\t\t\t\t\t\t\t<\/div>\n\t\t<\/section>\n\t\t\t\t\t\t\t<\/div>\n\t\t","protected":false},"excerpt":{"rendered":"<p>Eismaschine Tagesmiete: 115\u20acje weiterer Tag: 40\u20ac Montag bis Donnerstag: 165 \u20acFreitag bis Montag Vormittag: 175 \u20ac 1 Woche: 240\u20ac Lieferung und Abholung innerhalb Halle, je: 40\u20ac \u00a0 Softeismaschine mieten in Halle \u2013 Perfekt f\u00fcr jede Veranstaltung! Entdecken Sie die s\u00fc\u00dfe Verf\u00fchrung mit unserer hochwertigen Softeismaschine zur Vermietung in Halle! Ideal f\u00fcr Geburtstagsfeiern, Hochzeiten, Firmenfeiern oder &hellip;<\/p>\n<p class=\"read-more\"> <a class=\"\" href=\"https:\/\/feier-work.de\/?page_id=405\"> <span class=\"screen-reader-text\">Eismaschine\u200b<\/span> Weiterlesen &raquo;<\/a><\/p>\n","protected":false},"author":1,"featured_media":0,"parent":0,"menu_order":0,"comment_status":"closed","ping_status":"closed","template":"","meta":{"site-sidebar-layout":"no-sidebar","site-content-layout":"","ast-site-content-layout":"full-width-container","site-content-style":"default","site-sidebar-style":"default","ast-global-header-display":"","ast-banner-title-visibility":"","ast-main-header-display":"","ast-hfb-above-header-display":"","ast-hfb-below-header-display":"","ast-hfb-mobile-header-display":"","site-post-title":"disabled","ast-breadcrumbs-content":"","ast-featured-img":"disabled","footer-sml-layout":"","theme-transparent-header-meta":"","adv-header-id-meta":"","stick-header-meta":"","header-above-stick-meta":"","header-main-stick-meta":"","header-below-stick-meta":"","astra-migrate-meta-layouts":"","ast-page-background-enabled":"default","ast-page-background-meta":{"desktop":{"background-color":"var(--ast-global-color-4)","background-image":"","background-repeat":"repeat","background-position":"center center","background-size":"auto","background-attachment":"scroll","background-type":"","background-media":"","overlay-type":"","overlay-color":"","overlay-gradient":""},"tablet":{"background-color":"","background-image":"","background-repeat":"repeat","background-position":"center center","background-size":"auto","background-attachment":"scroll","background-type":"","background-media":"","overlay-type":"","overlay-color":"","overlay-gradient":""},"mobile":{"background-color":"","background-image":"","background-repeat":"repeat","background-position":"center center","background-size":"auto","background-attachment":"scroll","background-type":"","background-media":"","overlay-type":"","overlay-color":"","overlay-gradient":""}},"ast-content-background-meta":{"desktop":{"background-color":"var(--ast-global-color-5)","background-image":"","background-repeat":"repeat","background-position":"center center","background-size":"auto","background-attachment":"scroll","background-type":"","background-media":"","overlay-type":"","overlay-color":"","overlay-gradient":""},"tablet":{"background-color":"var(--ast-global-color-5)","background-image":"","background-repeat":"repeat","background-position":"center center","background-size":"auto","background-attachment":"scroll","background-type":"","background-media":"","overlay-type":"","overlay-color":"","overlay-gradient":""},"mobile":{"background-color":"var(--ast-global-color-5)","background-image":"","background-repeat":"repeat","background-position":"center center","background-size":"auto","background-attachment":"scroll","background-type":"","background-media":"","overlay-type":"","overlay-color":"","overlay-gradient":""}},"footnotes":""},"class_list":["post-405","page","type-page","status-publish","hentry"],"yoast_head":"<!-- This site is optimized with the Yoast SEO plugin v23.0 - https:\/\/yoast.com\/wordpress\/plugins\/seo\/ -->\n<title>Eismaschine\u200b - feier-work<\/title>\n<meta name=\"robots\" content=\"index, follow, max-snippet:-1, max-image-preview:large, max-video-preview:-1\" \/>\n<link rel=\"canonical\" href=\"https:\/\/feier-work.de\/?page_id=405\" \/>\n<meta property=\"og:locale\" content=\"de_DE\" \/>\n<meta property=\"og:type\" content=\"article\" \/>\n<meta property=\"og:title\" content=\"Eismaschine\u200b - feier-work\" \/>\n<meta property=\"og:description\" content=\"Eismaschine Tagesmiete: 115\u20acje weiterer Tag: 40\u20ac Montag bis Donnerstag: 165 \u20acFreitag bis Montag Vormittag: 175 \u20ac 1 Woche: 240\u20ac Lieferung und Abholung innerhalb Halle, je: 40\u20ac \u00a0 Softeismaschine mieten in Halle \u2013 Perfekt f\u00fcr jede Veranstaltung! Entdecken Sie die s\u00fc\u00dfe Verf\u00fchrung mit unserer hochwertigen Softeismaschine zur Vermietung in Halle! Ideal f\u00fcr Geburtstagsfeiern, Hochzeiten, Firmenfeiern oder &hellip; Eismaschine\u200b Weiterlesen &raquo;\" \/>\n<meta property=\"og:url\" content=\"https:\/\/feier-work.de\/?page_id=405\" \/>\n<meta property=\"og:site_name\" content=\"feier-work\" \/>\n<meta property=\"article:publisher\" content=\"https:\/\/www.instagram.com\/feier_work\/\" \/>\n<meta property=\"article:modified_time\" content=\"2025-03-19T20:17:19+00:00\" \/>\n<meta property=\"og:image\" content=\"http:\/\/feier-work.de\/wp-content\/uploads\/2023\/11\/Eismaschine-768x1024.jpg\" \/>\n<meta name=\"twitter:card\" content=\"summary_large_image\" \/>\n<meta name=\"twitter:label1\" content=\"Gesch\u00e4tzte Lesezeit\" \/>\n\t<meta name=\"twitter:data1\" content=\"2\u00a0Minuten\" \/>\n<script type=\"application\/ld+json\" class=\"yoast-schema-graph\">{\"@context\":\"https:\/\/schema.org\",\"@graph\":[{\"@type\":\"WebPage\",\"@id\":\"https:\/\/feier-work.de\/?page_id=405\",\"url\":\"https:\/\/feier-work.de\/?page_id=405\",\"name\":\"Eismaschine\u200b - feier-work\",\"isPartOf\":{\"@id\":\"https:\/\/feier-work.de\/#website\"},\"primaryImageOfPage\":{\"@id\":\"https:\/\/feier-work.de\/?page_id=405#primaryimage\"},\"image\":{\"@id\":\"https:\/\/feier-work.de\/?page_id=405#primaryimage\"},\"thumbnailUrl\":\"http:\/\/feier-work.de\/wp-content\/uploads\/2023\/11\/Eismaschine-768x1024.jpg\",\"datePublished\":\"2023-11-19T10:01:42+00:00\",\"dateModified\":\"2025-03-19T20:17:19+00:00\",\"breadcrumb\":{\"@id\":\"https:\/\/feier-work.de\/?page_id=405#breadcrumb\"},\"inLanguage\":\"de\",\"potentialAction\":[{\"@type\":\"ReadAction\",\"target\":[\"https:\/\/feier-work.de\/?page_id=405\"]}]},{\"@type\":\"ImageObject\",\"inLanguage\":\"de\",\"@id\":\"https:\/\/feier-work.de\/?page_id=405#primaryimage\",\"url\":\"https:\/\/feier-work.de\/wp-content\/uploads\/2023\/11\/Eismaschine.jpg\",\"contentUrl\":\"https:\/\/feier-work.de\/wp-content\/uploads\/2023\/11\/Eismaschine.jpg\",\"width\":960,\"height\":1280},{\"@type\":\"BreadcrumbList\",\"@id\":\"https:\/\/feier-work.de\/?page_id=405#breadcrumb\",\"itemListElement\":[{\"@type\":\"ListItem\",\"position\":1,\"name\":\"Startseite\",\"item\":\"https:\/\/feier-work.de\/\"},{\"@type\":\"ListItem\",\"position\":2,\"name\":\"Eismaschine\u200b\"}]},{\"@type\":\"WebSite\",\"@id\":\"https:\/\/feier-work.de\/#website\",\"url\":\"https:\/\/feier-work.de\/\",\"name\":\"feier-work\",\"description\":\"\",\"publisher\":{\"@id\":\"https:\/\/feier-work.de\/#organization\"},\"potentialAction\":[{\"@type\":\"SearchAction\",\"target\":{\"@type\":\"EntryPoint\",\"urlTemplate\":\"https:\/\/feier-work.de\/?s={search_term_string}\"},\"query-input\":\"required name=search_term_string\"}],\"inLanguage\":\"de\"},{\"@type\":\"Organization\",\"@id\":\"https:\/\/feier-work.de\/#organization\",\"name\":\"Feierwork GbR\",\"url\":\"https:\/\/feier-work.de\/\",\"logo\":{\"@type\":\"ImageObject\",\"inLanguage\":\"de\",\"@id\":\"https:\/\/feier-work.de\/#\/schema\/logo\/image\/\",\"url\":\"https:\/\/feier-work.de\/wp-content\/uploads\/2023\/09\/Logo-neu3.png\",\"contentUrl\":\"https:\/\/feier-work.de\/wp-content\/uploads\/2023\/09\/Logo-neu3.png\",\"width\":1329,\"height\":866,\"caption\":\"Feierwork GbR\"},\"image\":{\"@id\":\"https:\/\/feier-work.de\/#\/schema\/logo\/image\/\"},\"sameAs\":[\"https:\/\/www.instagram.com\/feier_work\/\"]}]}<\/script>\n<!-- \/ Yoast SEO plugin. -->","yoast_head_json":{"title":"Eismaschine\u200b - feier-work","robots":{"index":"index","follow":"follow","max-snippet":"max-snippet:-1","max-image-preview":"max-image-preview:large","max-video-preview":"max-video-preview:-1"},"canonical":"https:\/\/feier-work.de\/?page_id=405","og_locale":"de_DE","og_type":"article","og_title":"Eismaschine\u200b - feier-work","og_description":"Eismaschine Tagesmiete: 115\u20acje weiterer Tag: 40\u20ac Montag bis Donnerstag: 165 \u20acFreitag bis Montag Vormittag: 175 \u20ac 1 Woche: 240\u20ac Lieferung und Abholung innerhalb Halle, je: 40\u20ac \u00a0 Softeismaschine mieten in Halle \u2013 Perfekt f\u00fcr jede Veranstaltung! Entdecken Sie die s\u00fc\u00dfe Verf\u00fchrung mit unserer hochwertigen Softeismaschine zur Vermietung in Halle! Ideal f\u00fcr Geburtstagsfeiern, Hochzeiten, Firmenfeiern oder &hellip; Eismaschine\u200b Weiterlesen &raquo;","og_url":"https:\/\/feier-work.de\/?page_id=405","og_site_name":"feier-work","article_publisher":"https:\/\/www.instagram.com\/feier_work\/","article_modified_time":"2025-03-19T20:17:19+00:00","og_image":[{"url":"http:\/\/feier-work.de\/wp-content\/uploads\/2023\/11\/Eismaschine-768x1024.jpg"}],"twitter_card":"summary_large_image","twitter_misc":{"Gesch\u00e4tzte Lesezeit":"2\u00a0Minuten"},"schema":{"@context":"https:\/\/schema.org","@graph":[{"@type":"WebPage","@id":"https:\/\/feier-work.de\/?page_id=405","url":"https:\/\/feier-work.de\/?page_id=405","name":"Eismaschine\u200b - feier-work","isPartOf":{"@id":"https:\/\/feier-work.de\/#website"},"primaryImageOfPage":{"@id":"https:\/\/feier-work.de\/?page_id=405#primaryimage"},"image":{"@id":"https:\/\/feier-work.de\/?page_id=405#primaryimage"},"thumbnailUrl":"http:\/\/feier-work.de\/wp-content\/uploads\/2023\/11\/Eismaschine-768x1024.jpg","datePublished":"2023-11-19T10:01:42+00:00","dateModified":"2025-03-19T20:17:19+00:00","breadcrumb":{"@id":"https:\/\/feier-work.de\/?page_id=405#breadcrumb"},"inLanguage":"de","potentialAction":[{"@type":"ReadAction","target":["https:\/\/feier-work.de\/?page_id=405"]}]},{"@type":"ImageObject","inLanguage":"de","@id":"https:\/\/feier-work.de\/?page_id=405#primaryimage","url":"https:\/\/feier-work.de\/wp-content\/uploads\/2023\/11\/Eismaschine.jpg","contentUrl":"https:\/\/feier-work.de\/wp-content\/uploads\/2023\/11\/Eismaschine.jpg","width":960,"height":1280},{"@type":"BreadcrumbList","@id":"https:\/\/feier-work.de\/?page_id=405#breadcrumb","itemListElement":[{"@type":"ListItem","position":1,"name":"Startseite","item":"https:\/\/feier-work.de\/"},{"@type":"ListItem","position":2,"name":"Eismaschine\u200b"}]},{"@type":"WebSite","@id":"https:\/\/feier-work.de\/#website","url":"https:\/\/feier-work.de\/","name":"feier-work","description":"","publisher":{"@id":"https:\/\/feier-work.de\/#organization"},"potentialAction":[{"@type":"SearchAction","target":{"@type":"EntryPoint","urlTemplate":"https:\/\/feier-work.de\/?s={search_term_string}"},"query-input":"required name=search_term_string"}],"inLanguage":"de"},{"@type":"Organization","@id":"https:\/\/feier-work.de\/#organization","name":"Feierwork GbR","url":"https:\/\/feier-work.de\/","logo":{"@type":"ImageObject","inLanguage":"de","@id":"https:\/\/feier-work.de\/#\/schema\/logo\/image\/","url":"https:\/\/feier-work.de\/wp-content\/uploads\/2023\/09\/Logo-neu3.png","contentUrl":"https:\/\/feier-work.de\/wp-content\/uploads\/2023\/09\/Logo-neu3.png","width":1329,"height":866,"caption":"Feierwork GbR"},"image":{"@id":"https:\/\/feier-work.de\/#\/schema\/logo\/image\/"},"sameAs":["https:\/\/www.instagram.com\/feier_work\/"]}]}},"_links":{"self":[{"href":"https:\/\/feier-work.de\/index.php?rest_route=\/wp\/v2\/pages\/405","targetHints":{"allow":["GET"]}}],"collection":[{"href":"https:\/\/feier-work.de\/index.php?rest_route=\/wp\/v2\/pages"}],"about":[{"href":"https:\/\/feier-work.de\/index.php?rest_route=\/wp\/v2\/types\/page"}],"author":[{"embeddable":true,"href":"https:\/\/feier-work.de\/index.php?rest_route=\/wp\/v2\/users\/1"}],"replies":[{"embeddable":true,"href":"https:\/\/feier-work.de\/index.php?rest_route=%2Fwp%2Fv2%2Fcomments&post=405"}],"version-history":[{"count":13,"href":"https:\/\/feier-work.de\/index.php?rest_route=\/wp\/v2\/pages\/405\/revisions"}],"predecessor-version":[{"id":826,"href":"https:\/\/feier-work.de\/index.php?rest_route=\/wp\/v2\/pages\/405\/revisions\/826"}],"wp:attachment":[{"href":"https:\/\/feier-work.de\/index.php?rest_route=%2Fwp%2Fv2%2Fmedia&parent=405"}],"curies":[{"name":"wp","href":"https:\/\/api.w.org\/{rel}","templated":true}]}}